{"id":8004,"date":"2024-09-09T12:50:37","date_gmt":"2024-09-09T12:50:37","guid":{"rendered":"https:\/\/williams-chassis.be\/8004-2\/"},"modified":"2024-11-18T13:21:06","modified_gmt":"2024-11-18T13:21:06","slug":"toegangscontrole","status":"publish","type":"page","link":"https:\/\/www.williams-chassis.be\/nl\/toegangscontrole\/","title":{"rendered":"Toegangscontrole"},"content":{"rendered":"<div class=\"wpb-content-wrapper\"><p>[vc_row el_wrapper_class=&#8221;fil_ariane&#8221;][vc_column][vc_column_text]<a href=\"\/nl\">Home<\/a> \/ <a href=\"\/nl\/onze-producten\">Onze producten<\/a> \/ <a href=\"\/nl\/deuren\">Onze deuren<\/a> \/ Toegangscontrole[\/vc_column_text][\/vc_column][\/vc_row][vc_row padding_bottom_multiplier=&#8221;2x&#8221; el_wrapper_class=&#8221;section_heading_pdt&#8221;][vc_column]<h1 class=\"grve-element grve-title grve-align-center grve-h1 title_h2 imperial extra-bold black\" style=\"\"><span>Toegangscontrole<\/span><\/h1>[\/vc_column][\/vc_row][vc_row padding_top_multiplier=&#8221;2x&#8221; padding_bottom_multiplier=&#8221;2x&#8221; equal_column_height=&#8221;equal-column&#8221; el_wrapper_class=&#8221;section_caracteristique_pdt section_text&#8221;][vc_column width=&#8221;2\/3&#8243;]<div class=\"grve-empty-space grve-height-1x empty_1x\" style=\"\"><\/div><h2 class=\"grve-element grve-title grve-align-left grve-h2 title_h2 black\" style=\"\"><span>Kenmerken<\/span><\/h2>[vc_column_text]Williams installeert toegangscontrolesystemen om de stroom van mensen te organiseren en de toegang tot gebieden selectief te beheren, bijvoorbeeld door de toegang tot gevoelige gebieden te beperken.<br \/>\nToegangscontrole kan worden geleverd voor zowel woningen als bedrijven.[\/vc_column_text][vc_column_text]Elektromagneten in de handgreep (2 x 300 kg zuignaphandgreep) activeren een permanente vergrendeling zolang de stroomtoevoer ingeschakeld is. Als de stroomtoevoer wordt onderbroken, wordt de deur vrijgegeven en krijgt u toegang tot het gebouw.[\/vc_column_text][vc_column_text]De controles vari\u00ebren van de eenvoudigste (toetsenbord) tot de meest geavanceerde (badgelezers). Hun doel is de toegang tot gebouwen te beperken tot bevoegde personen.[\/vc_column_text][vc_column_text]Bij een verloren sleutel hoeft de deurcilinder niet meer te worden vervangen. Dit betekent een veel hoger veiligheidsniveau.[\/vc_column_text][vc_row_inner el_class=&#8221;cta_inline&#8221;][vc_column_inner]<div class=\"grve-element grve-align-left cta_cw\"><a href=\"\/nl\/onze-producten\/deuren\/\" title=\"Bekijk de producten\" class=\"grve-btn grve-btn-medium grve-square grve-bg-primary-1 grve-bg-hover-black\"><span>Bekijk de deuren<\/span><\/a><\/div>[\/vc_column_inner][\/vc_row_inner]<div class=\"grve-empty-space empty_30\" style=\"height: 30px;\"><\/div>[vc_row_inner el_class=&#8221;cta_inline cta_absolute&#8221;][vc_column_inner]<div class=\"grve-element grve-align-left cta_devis cta_catalogue\"><a href=\"https:\/\/chassiswilliams.iloworks.be\/nl\/citaat\/\" title=\"Gratis offerte\" class=\"grve-btn grve-btn-medium grve-square grve-bg-primary-4 grve-bg-hover-primary-4\"><span>Catalogus inkijken<\/span><\/a><\/div><div class=\"grve-element grve-align-left cta_devis\"><a href=\"https:\/\/chassiswilliams.iloworks.be\/nl\/citaat\/\" title=\"Gratis offerte\" class=\"grve-btn grve-btn-medium grve-square grve-bg-primary-4 grve-bg-hover-primary-4\"><span>Een offerte aanvragen<\/span><\/a><\/div>[\/vc_column_inner][\/vc_row_inner][\/vc_column][vc_column width=&#8221;1\/3&#8243; el_wrapper_class=&#8221;carousel_pdts&#8221;][\/vc_column][\/vc_row][vc_row el_wrapper_class=&#8221;section_reassurance&#8221;][vc_column]<div class=\"grve-element grve-box-icon grve-medium grve-side-icon grve-align-left reassurance_icon\" style=\"\"><a href=\"https:\/\/chassiswilliams.iloworks.be\/nl\/williams-chassis\/\" title=\"40 jaar ervaring\"><div class=\"grve-image-icon\"><img decoding=\"async\" src=\"https:\/\/www.williams-chassis.be\/wp-content\/uploads\/2024\/04\/experience-4.svg\" class=\"attachment-full size-full\" alt=\"ic\u00f4ne satisfaction client\" srcset=\"https:\/\/www.williams-chassis.be\/wp-content\/uploads\/2024\/04\/experience-4.svg 1x,https:\/\/www.williams-chassis.be\/wp-content\/uploads\/2024\/04\/experience-4.svg 2x\" \/><\/div><div class=\"grve-box-content\"><div class=\"grve-box-title-wrapper\"><h3 class=\"grve-box-title grve-h3\">40 jaar ervaring<\/h3><\/div><\/div><\/a><\/div><div class=\"grve-element grve-box-icon grve-medium grve-side-icon grve-align-left reassurance_icon reassurance_icon_bel\" style=\"\"><a href=\"https:\/\/chassiswilliams.iloworks.be\/nl\/williams-chassis\/\" title=\"Beglische fabricatie\"><div class=\"grve-image-icon\"><img decoding=\"async\" src=\"https:\/\/www.williams-chassis.be\/wp-content\/uploads\/2024\/04\/belgique-4.svg\" class=\"attachment-full size-full\" alt=\"ic\u00f4ne made in belgium\" srcset=\"https:\/\/www.williams-chassis.be\/wp-content\/uploads\/2024\/04\/belgique-4.svg 1x,https:\/\/www.williams-chassis.be\/wp-content\/uploads\/2024\/04\/belgique-4.svg 2x\" \/><\/div><div class=\"grve-box-content\"><div class=\"grve-box-title-wrapper\"><h3 class=\"grve-box-title grve-h3\">Beglische fabricatie<\/h3><\/div><\/div><\/a><\/div><div class=\"grve-element grve-box-icon grve-medium grve-side-icon grve-align-left reassurance_icon\" style=\"\"><a href=\"https:\/\/chassiswilliams.iloworks.be\/nl\/dienst-na-verkoop\/\" title=\"2 jaar garantie\"><div class=\"grve-image-icon\"><img decoding=\"async\" src=\"https:\/\/www.williams-chassis.be\/wp-content\/uploads\/2024\/04\/garantie-4.svg\" class=\"attachment-full size-full\" alt=\"ic\u00f4ne garantie\" srcset=\"https:\/\/www.williams-chassis.be\/wp-content\/uploads\/2024\/04\/garantie-4.svg 1x,https:\/\/www.williams-chassis.be\/wp-content\/uploads\/2024\/04\/garantie-4.svg 2x\" \/><\/div><div class=\"grve-box-content\"><div class=\"grve-box-title-wrapper\"><h3 class=\"grve-box-title grve-h3\">2 jaar garantie<\/h3><\/div><\/div><\/a><\/div><div class=\"grve-element grve-box-icon grve-medium grve-side-icon grve-align-left reassurance_icon\" style=\"\"><a href=\"https:\/\/chassiswilliams.iloworks.be\/nl\/dienst-na-verkoop\/\" title=\"DNV\"><div class=\"grve-image-icon\"><img decoding=\"async\" src=\"https:\/\/www.williams-chassis.be\/wp-content\/uploads\/2024\/04\/sav-4.svg\" class=\"attachment-full size-full\" alt=\"ic\u00f4ne SAV\" srcset=\"https:\/\/www.williams-chassis.be\/wp-content\/uploads\/2024\/04\/sav-4.svg 1x,https:\/\/www.williams-chassis.be\/wp-content\/uploads\/2024\/04\/sav-4.svg 2x\" \/><\/div><div class=\"grve-box-content\"><div class=\"grve-box-title-wrapper\"><h3 class=\"grve-box-title grve-h3\">DNV 7\/7<\/h3><\/div><\/div><\/a><\/div>[\/vc_column][\/vc_row][vc_row][vc_column width=&#8221;1\/2&#8243;]<div class=\"grve-element grve-box grve-align-left product-shadow\" style=\"\"><figure class=\"grve-image-hover grve-zoom-none\">\t<div class=\"grve-media\">\t\t<div class=\"grve-bg-primary-1 grve-hover-overlay grve-opacity-0\"><\/div><img decoding=\"async\" width=\"501\" height=\"501\" src=\"https:\/\/www.williams-chassis.be\/wp-content\/uploads\/2020\/07\/clavier-code.jpg\" class=\"attachment-movedo-grve-small-square size-movedo-grve-small-square\" alt=\"\" srcset=\"https:\/\/www.williams-chassis.be\/wp-content\/uploads\/2020\/07\/clavier-code.jpg 501w, https:\/\/www.williams-chassis.be\/wp-content\/uploads\/2020\/07\/clavier-code-300x300.jpg 300w, https:\/\/www.williams-chassis.be\/wp-content\/uploads\/2020\/07\/clavier-code-150x150.jpg 150w\" sizes=\"(max-width: 501px) 100vw, 501px\" \/>\t<\/div><\/figure>  <div class=\"grve-box-content\"><h3 class=\"grve-box-title grve-h5\">Het toetsenbord <\/h3>    <p>Het toetsenbord is eenvoudig maar moeilijk in te stellen.<br \/>\nHoud er rekening mee dat gebruikers (huurders) kunnen veranderen en dat ze de codes kunnen houden of doorgeven. Daarom is het belangrijk om de codes regelmatig te veranderen.<\/p>  <\/div><\/div><div class=\"grve-element grve-box grve-align-left product-shadow\" style=\"\"><figure class=\"grve-image-hover grve-zoom-none\">\t<div class=\"grve-media\">\t\t<div class=\"grve-bg-primary-1 grve-hover-overlay grve-opacity-0\"><\/div><img decoding=\"async\" width=\"501\" height=\"501\" src=\"https:\/\/www.williams-chassis.be\/wp-content\/uploads\/2020\/07\/carte-proximite.jpg\" class=\"attachment-movedo-grve-small-square size-movedo-grve-small-square\" alt=\"\" srcset=\"https:\/\/www.williams-chassis.be\/wp-content\/uploads\/2020\/07\/carte-proximite.jpg 501w, https:\/\/www.williams-chassis.be\/wp-content\/uploads\/2020\/07\/carte-proximite-300x300.jpg 300w, https:\/\/www.williams-chassis.be\/wp-content\/uploads\/2020\/07\/carte-proximite-150x150.jpg 150w\" sizes=\"(max-width: 501px) 100vw, 501px\" \/>\t<\/div><\/figure>  <div class=\"grve-box-content\"><h3 class=\"grve-box-title grve-h5\">De proximiteitskaart<\/h3>    <p><\/p>  <\/div><\/div>[\/vc_column][vc_column width=&#8221;1\/2&#8243;]<div class=\"grve-element grve-box grve-align-left product-shadow\" style=\"\"><figure class=\"grve-image-hover grve-zoom-none\">\t<div class=\"grve-media\">\t\t<div class=\"grve-bg-primary-1 grve-hover-overlay grve-opacity-0\"><\/div><img decoding=\"async\" width=\"501\" height=\"501\" src=\"https:\/\/www.williams-chassis.be\/wp-content\/uploads\/2020\/07\/lecteur-badge.jpg\" class=\"attachment-movedo-grve-small-square size-movedo-grve-small-square\" alt=\"\" srcset=\"https:\/\/www.williams-chassis.be\/wp-content\/uploads\/2020\/07\/lecteur-badge.jpg 501w, https:\/\/www.williams-chassis.be\/wp-content\/uploads\/2020\/07\/lecteur-badge-300x300.jpg 300w, https:\/\/www.williams-chassis.be\/wp-content\/uploads\/2020\/07\/lecteur-badge-150x150.jpg 150w\" sizes=\"(max-width: 501px) 100vw, 501px\" \/>\t<\/div><\/figure>  <div class=\"grve-box-content\"><h3 class=\"grve-box-title grve-h5\">De badgelezer<\/h3>    <p>Het badgeleessysteem is flexibeler en gemakkelijker te beheren.<br \/>\nHet maakt gebruik van proximity badges of proximity kaarten.<br \/>\nVoor onderhoudsdoeleinden biedt Williams gecentraliseerd beheer. Badges worden gepersonaliseerd en er zijn talloze gebruikscombinaties mogelijk (aanmaken en verwijderen van gebruikers, tijdslots, enz.).<\/p>  <\/div><\/div><div class=\"grve-element grve-box grve-align-left product-shadow\" style=\"\"><figure class=\"grve-image-hover grve-zoom-none\">\t<div class=\"grve-media\">\t\t<div class=\"grve-bg-primary-1 grve-hover-overlay grve-opacity-0\"><\/div><img decoding=\"async\" width=\"501\" height=\"501\" src=\"https:\/\/www.williams-chassis.be\/wp-content\/uploads\/2020\/07\/badge-proximite.jpg\" class=\"attachment-movedo-grve-small-square size-movedo-grve-small-square\" alt=\"\" srcset=\"https:\/\/www.williams-chassis.be\/wp-content\/uploads\/2020\/07\/badge-proximite.jpg 501w, https:\/\/www.williams-chassis.be\/wp-content\/uploads\/2020\/07\/badge-proximite-300x300.jpg 300w, https:\/\/www.williams-chassis.be\/wp-content\/uploads\/2020\/07\/badge-proximite-150x150.jpg 150w\" sizes=\"(max-width: 501px) 100vw, 501px\" \/>\t<\/div><\/figure>  <div class=\"grve-box-content\"><h3 class=\"grve-box-title grve-h5\">De proximiteitskaart<\/h3>    <p><\/p>  <\/div><\/div>[\/vc_column][\/vc_row]<\/p>\n<\/div>","protected":false},"excerpt":{"rendered":"<p>[vc_row el_wrapper_class=&#8221;fil_ariane&#8221;][vc_column][vc_column_text]Home \/ Onze producten \/ Onze deuren \/ Toegangscontrole[\/vc_column_text][\/vc_column][\/vc_row][vc_row padding_bottom_multiplier=&#8221;2x&#8221; el_wrapper_class=&#8221;section_heading_pdt&#8221;][vc_column][\/vc_column][\/vc_row][vc_row padding_top_multiplier=&#8221;2x&#8221; padding_bottom_multiplier=&#8221;2x&#8221; equal_column_height=&#8221;equal-column&#8221; el_wrapper_class=&#8221;section_caracteristique_pdt section_text&#8221;][vc_column width=&#8221;2\/3&#8243;][vc_column_text]Williams installeert toegangscontrolesystemen om de stroom van mensen te organiseren en de toegang tot gebieden selectief te beheren, bijvoorbeeld door de toegang tot gevoelige gebieden te beperken. Toegangscontrole kan worden geleverd voor zowel woningen als bedrijven.[\/vc_column_text][vc_column_text]Elektromagneten in de [&hellip;]<\/p>\n","protected":false},"author":2,"featured_media":0,"parent":0,"menu_order":0,"comment_status":"closed","ping_status":"closed","template":"","meta":{"footnotes":""},"class_list":["post-8004","page","type-page","status-publish","hentry"],"yoast_head":"<!-- This site is optimized with the Yoast SEO Premium plugin v23.8 (Yoast SEO v25.4) - https:\/\/yoast.com\/wordpress\/plugins\/seo\/ -->\n<title>Toegangscontrolesystemen voor deuren | Ch\u00e2ssis Williams<\/title>\n<meta name=\"description\" content=\"Ontdek onze veilige toegangscontrolesystemen voor deuren, met toetsenborden, badges en centrale beheeropties.\" \/>\n<meta name=\"robots\" content=\"index, follow, max-snippet:-1, max-image-preview:large, max-video-preview:-1\" \/>\n<link rel=\"canonical\" href=\"https:\/\/www.williams-chassis.be\/nl\/toegangscontrole\/\" \/>\n<meta property=\"og:locale\" content=\"nl_NL\" \/>\n<meta property=\"og:type\" content=\"article\" \/>\n<meta property=\"og:title\" content=\"Toegangscontrolesystemen voor deuren | Ch\u00e2ssis Williams\" \/>\n<meta property=\"og:description\" content=\"Ontdek onze veilige toegangscontrolesystemen voor deuren, met toetsenborden, badges en centrale beheeropties.\" \/>\n<meta property=\"og:url\" content=\"https:\/\/www.williams-chassis.be\/nl\/toegangscontrole\/\" \/>\n<meta property=\"og:site_name\" content=\"Chassis Williams\" \/>\n<meta property=\"article:publisher\" content=\"https:\/\/www.facebook.com\/williamschassis\/?locale=fr_FR\" \/>\n<meta property=\"article:modified_time\" content=\"2024-11-18T13:21:06+00:00\" \/>\n<meta property=\"og:image\" content=\"https:\/\/www.williams-chassis.be\/wp-content\/uploads\/2024\/05\/chassis-williams-sav.webp\" \/>\n\t<meta property=\"og:image:width\" content=\"1200\" \/>\n\t<meta property=\"og:image:height\" content=\"800\" \/>\n\t<meta property=\"og:image:type\" content=\"image\/webp\" \/>\n<meta name=\"twitter:card\" content=\"summary_large_image\" \/>\n<meta name=\"twitter:title\" content=\"Toegangscontrolesystemen voor deuren | Ch\u00e2ssis Williams\" \/>\n<meta name=\"twitter:label1\" content=\"Geschatte leestijd\" \/>\n\t<meta name=\"twitter:data1\" content=\"2 minuten\" \/>\n<script type=\"application\/ld+json\" class=\"yoast-schema-graph\">{\"@context\":\"https:\/\/schema.org\",\"@graph\":[{\"@type\":\"WebPage\",\"@id\":\"https:\/\/www.williams-chassis.be\/nl\/toegangscontrole\/\",\"url\":\"https:\/\/www.williams-chassis.be\/nl\/toegangscontrole\/\",\"name\":\"Toegangscontrolesystemen voor deuren | Ch\u00e2ssis Williams\",\"isPartOf\":{\"@id\":\"https:\/\/www.williams-chassis.be\/nl\/#website\"},\"datePublished\":\"2024-09-09T12:50:37+00:00\",\"dateModified\":\"2024-11-18T13:21:06+00:00\",\"description\":\"Ontdek onze veilige toegangscontrolesystemen voor deuren, met toetsenborden, badges en centrale beheeropties.\",\"breadcrumb\":{\"@id\":\"https:\/\/www.williams-chassis.be\/nl\/toegangscontrole\/#breadcrumb\"},\"inLanguage\":\"nl-NL\",\"potentialAction\":[{\"@type\":\"ReadAction\",\"target\":[\"https:\/\/www.williams-chassis.be\/nl\/toegangscontrole\/\"]}]},{\"@type\":\"BreadcrumbList\",\"@id\":\"https:\/\/www.williams-chassis.be\/nl\/toegangscontrole\/#breadcrumb\",\"itemListElement\":[{\"@type\":\"ListItem\",\"position\":1,\"name\":\"Accueil\",\"item\":\"https:\/\/www.williams-chassis.be\/nl\/\"},{\"@type\":\"ListItem\",\"position\":2,\"name\":\"Toegangscontrole\"}]},{\"@type\":\"WebSite\",\"@id\":\"https:\/\/www.williams-chassis.be\/nl\/#website\",\"url\":\"https:\/\/www.williams-chassis.be\/nl\/\",\"name\":\"Ch\u00e2ssis Williams\",\"description\":\"La vie du bon cot\u00e9 \u2022 Garde-corps en verre, design et qualit\u00e9 | WILLIAMS :: Ch\u00e2ssis - Portes - V\u00e9randas - Portes de garage - Volets - PVC - Aluminium - Bois\",\"publisher\":{\"@id\":\"https:\/\/www.williams-chassis.be\/nl\/#organization\"},\"potentialAction\":[{\"@type\":\"SearchAction\",\"target\":{\"@type\":\"EntryPoint\",\"urlTemplate\":\"https:\/\/www.williams-chassis.be\/nl\/?s={search_term_string}\"},\"query-input\":{\"@type\":\"PropertyValueSpecification\",\"valueRequired\":true,\"valueName\":\"search_term_string\"}}],\"inLanguage\":\"nl-NL\"},{\"@type\":\"Organization\",\"@id\":\"https:\/\/www.williams-chassis.be\/nl\/#organization\",\"name\":\"Ch\u00e2ssis, portes, v\u00e9randas, portes de garage et volets\",\"url\":\"https:\/\/www.williams-chassis.be\/nl\/\",\"logo\":{\"@type\":\"ImageObject\",\"inLanguage\":\"nl-NL\",\"@id\":\"https:\/\/www.williams-chassis.be\/nl\/#\/schema\/logo\/image\/\",\"url\":\"https:\/\/www.williams-chassis.be\/wp-content\/uploads\/2024\/04\/cropped-favicon-chassis-williams.png\",\"contentUrl\":\"https:\/\/www.williams-chassis.be\/wp-content\/uploads\/2024\/04\/cropped-favicon-chassis-williams.png\",\"width\":512,\"height\":512,\"caption\":\"Ch\u00e2ssis, portes, v\u00e9randas, portes de garage et volets\"},\"image\":{\"@id\":\"https:\/\/www.williams-chassis.be\/nl\/#\/schema\/logo\/image\/\"},\"sameAs\":[\"https:\/\/www.facebook.com\/williamschassis\/?locale=fr_FR\",\"https:\/\/www.instagram.com\/williams_chassis\/\"]}]}<\/script>\n<!-- \/ Yoast SEO Premium plugin. -->","yoast_head_json":{"title":"Toegangscontrolesystemen voor deuren | Ch\u00e2ssis Williams","description":"Ontdek onze veilige toegangscontrolesystemen voor deuren, met toetsenborden, badges en centrale beheeropties.","robots":{"index":"index","follow":"follow","max-snippet":"max-snippet:-1","max-image-preview":"max-image-preview:large","max-video-preview":"max-video-preview:-1"},"canonical":"https:\/\/www.williams-chassis.be\/nl\/toegangscontrole\/","og_locale":"nl_NL","og_type":"article","og_title":"Toegangscontrolesystemen voor deuren | Ch\u00e2ssis Williams","og_description":"Ontdek onze veilige toegangscontrolesystemen voor deuren, met toetsenborden, badges en centrale beheeropties.","og_url":"https:\/\/www.williams-chassis.be\/nl\/toegangscontrole\/","og_site_name":"Chassis Williams","article_publisher":"https:\/\/www.facebook.com\/williamschassis\/?locale=fr_FR","article_modified_time":"2024-11-18T13:21:06+00:00","og_image":[{"width":1200,"height":800,"url":"https:\/\/www.williams-chassis.be\/wp-content\/uploads\/2024\/05\/chassis-williams-sav.webp","type":"image\/webp"}],"twitter_card":"summary_large_image","twitter_title":"Toegangscontrolesystemen voor deuren | Ch\u00e2ssis Williams","twitter_misc":{"Geschatte leestijd":"2 minuten"},"schema":{"@context":"https:\/\/schema.org","@graph":[{"@type":"WebPage","@id":"https:\/\/www.williams-chassis.be\/nl\/toegangscontrole\/","url":"https:\/\/www.williams-chassis.be\/nl\/toegangscontrole\/","name":"Toegangscontrolesystemen voor deuren | Ch\u00e2ssis Williams","isPartOf":{"@id":"https:\/\/www.williams-chassis.be\/nl\/#website"},"datePublished":"2024-09-09T12:50:37+00:00","dateModified":"2024-11-18T13:21:06+00:00","description":"Ontdek onze veilige toegangscontrolesystemen voor deuren, met toetsenborden, badges en centrale beheeropties.","breadcrumb":{"@id":"https:\/\/www.williams-chassis.be\/nl\/toegangscontrole\/#breadcrumb"},"inLanguage":"nl-NL","potentialAction":[{"@type":"ReadAction","target":["https:\/\/www.williams-chassis.be\/nl\/toegangscontrole\/"]}]},{"@type":"BreadcrumbList","@id":"https:\/\/www.williams-chassis.be\/nl\/toegangscontrole\/#breadcrumb","itemListElement":[{"@type":"ListItem","position":1,"name":"Accueil","item":"https:\/\/www.williams-chassis.be\/nl\/"},{"@type":"ListItem","position":2,"name":"Toegangscontrole"}]},{"@type":"WebSite","@id":"https:\/\/www.williams-chassis.be\/nl\/#website","url":"https:\/\/www.williams-chassis.be\/nl\/","name":"Ch\u00e2ssis Williams","description":"La vie du bon cot\u00e9 \u2022 Garde-corps en verre, design et qualit\u00e9 | WILLIAMS :: Ch\u00e2ssis - Portes - V\u00e9randas - Portes de garage - Volets - PVC - Aluminium - Bois","publisher":{"@id":"https:\/\/www.williams-chassis.be\/nl\/#organization"},"potentialAction":[{"@type":"SearchAction","target":{"@type":"EntryPoint","urlTemplate":"https:\/\/www.williams-chassis.be\/nl\/?s={search_term_string}"},"query-input":{"@type":"PropertyValueSpecification","valueRequired":true,"valueName":"search_term_string"}}],"inLanguage":"nl-NL"},{"@type":"Organization","@id":"https:\/\/www.williams-chassis.be\/nl\/#organization","name":"Ch\u00e2ssis, portes, v\u00e9randas, portes de garage et volets","url":"https:\/\/www.williams-chassis.be\/nl\/","logo":{"@type":"ImageObject","inLanguage":"nl-NL","@id":"https:\/\/www.williams-chassis.be\/nl\/#\/schema\/logo\/image\/","url":"https:\/\/www.williams-chassis.be\/wp-content\/uploads\/2024\/04\/cropped-favicon-chassis-williams.png","contentUrl":"https:\/\/www.williams-chassis.be\/wp-content\/uploads\/2024\/04\/cropped-favicon-chassis-williams.png","width":512,"height":512,"caption":"Ch\u00e2ssis, portes, v\u00e9randas, portes de garage et volets"},"image":{"@id":"https:\/\/www.williams-chassis.be\/nl\/#\/schema\/logo\/image\/"},"sameAs":["https:\/\/www.facebook.com\/williamschassis\/?locale=fr_FR","https:\/\/www.instagram.com\/williams_chassis\/"]}]}},"_links":{"self":[{"href":"https:\/\/www.williams-chassis.be\/nl\/wp-json\/wp\/v2\/pages\/8004","targetHints":{"allow":["GET"]}}],"collection":[{"href":"https:\/\/www.williams-chassis.be\/nl\/wp-json\/wp\/v2\/pages"}],"about":[{"href":"https:\/\/www.williams-chassis.be\/nl\/wp-json\/wp\/v2\/types\/page"}],"author":[{"embeddable":true,"href":"https:\/\/www.williams-chassis.be\/nl\/wp-json\/wp\/v2\/users\/2"}],"replies":[{"embeddable":true,"href":"https:\/\/www.williams-chassis.be\/nl\/wp-json\/wp\/v2\/comments?post=8004"}],"version-history":[{"count":9,"href":"https:\/\/www.williams-chassis.be\/nl\/wp-json\/wp\/v2\/pages\/8004\/revisions"}],"predecessor-version":[{"id":8625,"href":"https:\/\/www.williams-chassis.be\/nl\/wp-json\/wp\/v2\/pages\/8004\/revisions\/8625"}],"wp:attachment":[{"href":"https:\/\/www.williams-chassis.be\/nl\/wp-json\/wp\/v2\/media?parent=8004"}],"curies":[{"name":"wp","href":"https:\/\/api.w.org\/{rel}","templated":true}]}}